{"id":483,"date":"2023-07-28T06:58:00","date_gmt":"2023-07-28T04:58:00","guid":{"rendered":"https:\/\/rgm-design.com\/agb\/"},"modified":"2023-09-11T12:28:51","modified_gmt":"2023-09-11T10:28:51","slug":"standard-business-terms-and-customer-information","status":"publish","type":"page","link":"https:\/\/rgm-design.com\/en\/standard-business-terms-and-customer-information\/","title":{"rendered":"Standard Business Terms and customer information"},"content":{"rendered":"<p>[et_pb_section fb_built=&#8221;1&#8243; admin_label=&#8221;section&#8221; _builder_version=&#8221;4.16&#8243; global_colors_info=&#8221;{}&#8221;][et_pb_row admin_label=&#8221;row&#8221; _builder_version=&#8221;4.16&#8243; background_size=&#8221;initial&#8221; background_position=&#8221;top_left&#8221; background_repeat=&#8221;repeat&#8221; global_colors_info=&#8221;{}&#8221;][et_pb_column type=&#8221;4_4&#8243; _builder_version=&#8221;4.16&#8243; custom_padding=&#8221;|||&#8221; global_colors_info=&#8221;{}&#8221; custom_padding__hover=&#8221;|||&#8221;][et_pb_text admin_label=&#8221;Text&#8221; _builder_version=&#8221;4.22.1&#8243; background_size=&#8221;initial&#8221; background_position=&#8221;top_left&#8221; background_repeat=&#8221;repeat&#8221; global_colors_info=&#8221;{}&#8221; width=&#8221;100%&#8221;]<\/p>\n<h2><\/h2>\n<h2>Standard Business Terms and customer information<\/h2>\n<p>&nbsp;<\/p>\n<p>I. Standard business terms<\/p>\n<p>\u00a0\u00a7 1 Basic provisions<\/p>\n<p>\u00a0(1) The following business terms are applicable to all the contracts, which you conclude with us as a supplier (Rainer Goetzke) via the www.rgm-modelcars.de website. Unless otherwise agreed upon, the inclusion, if necessary, of your own conditions is ruled out.<\/p>\n<p>\u00a0(2) A \u2018consumer&#8217; in the sense of the following regulations is every natural person who concludes a legal transaction which, to an overwhelming extent, cannot be attributed to either his commercial or independent professional activities. The term \u2018businessman&#8217; refers to every natural person, legal person or legally responsible partnership that concludes a legal transaction in pursuance of his\/its independent professional or commercial activity.<\/p>\n<p>&nbsp;<\/p>\n<p>\u00a7 2 Conclusion of the contract<\/p>\n<p>(1) The subject-matter of the contract is the selling of products .<\/p>\n<p>Our offers on the website are non-binding and are not a binding offer to conclude a contract.<\/p>\n<p>(2) You can make a binding purchase offer (order) via the online shopping cart system. <br \/>In doing so, the goods intended for purchase are stored in the &#8220;shopping cart&#8221;. You can use the corresponding button in the navigation bar to call up the &#8220;shopping cart&#8221;&#8221; and make changes there at any time. After clicking the button &#8220;Checkout&#8221; or &#8220;Proceed to order&#8221; (or similar designation) and entering the personal data as well as the payment and shipping terms, the order data will finally be displayed to you as an order overview.<br \/>Before submitting the order, you have the option once more to review or change (you may also use the &#8220;Back&#8221; button on your web browser) any information on the order summary page, or to cancel the purchase.<br \/>By sending the order via the corresponding button (&#8220;order with obligation to pay&#8221;, &#8220;buy&#8221; \/ &#8220;buy now&#8221;, &#8220;order with obligation to pay&#8221; or similar designation) you submit a binding offer to us.<\/p>\n<p>You then receive an automatically-generated email regarding the receipt of your order. This email does not yet lead to the conclusion of a contract.<\/p>\n<p>(3) The acceptance of the offer (and with it, the conclusion of the contract) takes place within a period of 2 days via a textual confirmation (e.g. email) in which you receive confirmation (order acknowledgement) regarding the execution of the order or the delivery of the products in question. <br \/>If you have not received any corresponding message within this deadline, you are no longer considered to be bound to your order. Under such circumstances, any services that have already been provided are restored without undue delay.<\/p>\n<p>(4) The execution of the order and the sending of all the details necessitated by the conclusion of the contract take place via e-mail, in a partially-automated manner. Consequently, you have to ensure that the e-mail address that you have deposited with us is the correct one, and that the receipt of the respective e-mails is guaranteed. In particular, you have to ensure that the respective e-mails are not blocked by a SPAM filter.<\/p>\n<p>&nbsp;<\/p>\n<p>\u00a7 3 Right of retention, reservation of proprietary rights<\/p>\n<p>(1) You can only exercise a right of retention if the situation in question involves claims arising from the same contractual relationship.<\/p>\n<p>(2) The goods remain our property until the purchase price is paid in full.<\/p>\n<p>&nbsp;<\/p>\n<p>\u00a7 4 Warranty<\/p>\n<p>(1) The statutory warranty rights are applicable.<\/p>\n<p>(2) As a consumer, you are requested to promptly check the product for completeness, visible defects and transport damage as soon as it is delivered, and promptly disclose your complaints to us and the shipping company in writing. Even if you do not comply with this request, it shall have no effect on your legal warranty claims.<\/p>\n<p>(3) If a characteristic of the goods deviates from the objective requirements, the deviation shall only be deemed to be agreed if you were informed of the same by us before submitting the contractual declaration and the deviation was expressly and separately agreed between the contracting parties.<\/p>\n<p>&nbsp;<\/p>\n<p>\u00a7 5 Choice of law<\/p>\n<p>(1) German law shall apply. This choice of law only applies to customers if it does not result in the revocation of the protection guaranteed by the mandatory provisions of the law of the country in which the respective customer&#8217;s usual place of residence is located (benefit-of-the-doubt principle).<\/p>\n<p>(2) The provisions of the UN Convention on Contracts for the International Sale of Goods are explicitly inapplicable.<\/p>\n<p>&nbsp;<\/p>\n<p>II. Customer information<\/p>\n<p>1. Identity of the seller<\/p>\n<p>Rainer Goetzke<br \/>Einfeld 6<br \/>84434 Kirchberg<br \/>Germany<br \/>Telephone: +4987627298655<br \/>E-Mail: rainer-goetzke@t-online.de<\/p>\n<p>Alternative dispute resolution:<br \/>The European Commission provides a platform for the out-of-court resolution of disputes (ODR platform), which can be viewed under https:\/\/ec.europa.eu\/odr (https:\/\/ec.europa.eu\/odr).<\/p>\n<p>We are neither willing nor obliged to participate in dispute resolution proceedings before consumer arbitration boards.<\/p>\n<p>&nbsp;<\/p>\n<p>2. Information regarding the conclusion of the contract<\/p>\n<p>The technical steps associated with the conclusion of the contract, the contract conclusion itself and the correction options are executed in accordance to the regulations &#8220;conclusion of the contract&#8221; in our standard business terms (part I.).<\/p>\n<p>&nbsp;<\/p>\n<p>3. Contractual language, saving the text of the contract<\/p>\n<p>3.1 Contract language shall be English.<\/p>\n<p>3.2 The complete text of the contract is not saved with us. Before the order is sent, via the online &#8211; shopping cart system the contract data can be printed out or electronically saved using the browser&#8217;s print function. After the order is received by us, the order data, the legally-mandated details related to distance selling contracts and the standard business terms are re-sent to you via e-mail.<\/p>\n<p>&nbsp;<\/p>\n<p>4. Main features of the product or service<\/p>\n<p>The key features of the goods and\/or services can be found in the respective quote.<\/p>\n<p>&nbsp;<\/p>\n<p>5. Prices and payment arrangements<\/p>\n<p>5.1 The prices mentioned in the respective offers represent total prices, as do the shipping costs. They include all the price components, including all the incidental taxes.<\/p>\n<p>5.2 The dispatch costs that are incurred are not included in the purchase price. They can be viewed by clicking the appropriate button on our website or in the respective quote, are shown separately over the course of the order transaction and must additionally be borne by you, insofar as free delivery is not confirmed.<\/p>\n<p>5.3 If delivery is made to countries outside of the European Union, we may incur unreasonable additional costs, such as duties, taxes or money transfer fees (transfer or foreign exchange fees charged by the banks), which you must bear.<\/p>\n<p>5.4 You must also bear the costs arising from money transfers in cases in which the delivery is made to an EU Member State, but the payment is initiated outside of the European Union.<\/p>\n<p>5.5 The payment methods that are available to you are shown by clicking the appropriate button on our website or are disclosed in the respective quote.<\/p>\n<p>5.6 Unless otherwise specified for the respective payment methods, the payment claims arising from the contract that has been concluded become payable immediately.<\/p>\n<p>&nbsp;<\/p>\n<p>6. Delivery conditions<\/p>\n<p>6.1 The delivery conditions, delivery date and existing supply restrictions, if applicable, can be found by clicking the appropriate button on our website or in the respective quote.<\/p>\n<p>6.2 If you are a consumer, the following is statutorily regulated: The risk of the sold item accidentally being destroyed or degraded during shipping only passes over to you when the item in question is delivered, regardless of whether or not the shipping operation is insured. This condition does not apply if you have independently commissioned a transport company that has not been specified by us or a person who has otherwise been appointed to execute the shipping operation.<\/p>\n<p>&nbsp;<\/p>\n<p>7. Statutory warranty right<\/p>\n<p>Liability for defects is governed by the &#8220;Warranty&#8221; provisions in our General Terms and Conditions of Business (Part I).<\/p>\n<p>These SBTs and customer details were created by the lawyers specialising in IT law who work for the H\u00e4ndlerbund, and are constantly checked for legal conformity. H\u00e4ndlerbund Management AG guarantees the legal security of the texts and assumes liability in case warnings are issued. More detailed information can be found on the following website: https:\/\/www.haendlerbund.de\/de\/leistungen\/rechtssicherheit\/agb-service (https:\/\/www.haendlerbund.de\/de\/leistungen\/rechtssicherheit\/agb-service).<\/p>\n<p>&nbsp;<\/p>\n<p>last update: 29.11.2022<\/p>\n<p>&nbsp;<\/p>\n<p>&nbsp;<\/p>\n<p>[\/et_pb_text][\/et_pb_column][\/et_pb_row][\/et_pb_section]<\/p>\n","protected":false},"excerpt":{"rendered":"<p>Standard Business Terms and customer information &nbsp; I. Standard business terms \u00a0\u00a7 1 Basic provisions \u00a0(1) The following business terms are applicable to all the contracts, which you conclude with us as a supplier (Rainer Goetzke) via the www.rgm-modelcars.de website. Unless otherwise agreed upon, the inclusion, if necessary, of your own conditions is ruled out. [&hellip;]<\/p>\n","protected":false},"author":1,"featured_media":0,"parent":0,"menu_order":0,"comment_status":"closed","ping_status":"closed","template":"","meta":{"_et_pb_use_builder":"on","_et_pb_old_content":"<!-- wp:paragraph -->\n<p>Allgemeine Gesch\u00e4ftsbedingungen und Kundeninformationen<\/p>\n<!-- \/wp:paragraph -->\n\n<!-- wp:paragraph -->\n<p>I. Allgemeine Gesch\u00e4ftsbedingungen<\/p>\n<!-- \/wp:paragraph -->\n\n<!-- wp:paragraph -->\n<p>\u00a7 1 Grundlegende Bestimmungen<\/p>\n<!-- \/wp:paragraph -->\n\n<!-- wp:paragraph -->\n<p>(1) Die nachstehenden Gesch\u00e4ftsbedingungen gelten f\u00fcr Vertr\u00e4ge, die Sie mit uns als Anbieter (Rainer Goetzke) \u00fcber die Internetseite www.rgm-modelcars.de schlie\u00dfen. Soweit nicht anders vereinbart, wird der Einbeziehung gegebenenfalls von Ihnen verwendeter eigener Bedingungen widersprochen.<\/p>\n<!-- \/wp:paragraph -->\n\n<!-- wp:paragraph -->\n<p>(2) Verbraucher im Sinne der nachstehenden Regelungen ist jede nat\u00fcrliche Person, die ein Rechtsgesch\u00e4ft zu Zwecken abschlie\u00dft, die \u00fcberwiegend weder ihrer gewerblichen noch ihrer selbst\u00e4ndigen beruflichen T\u00e4tigkeit zugerechnet werden kann. Unternehmer ist jede nat\u00fcrliche oder juristische Person oder eine rechtsf\u00e4hige Personengesellschaft, die bei Abschluss eines Rechtsgesch\u00e4fts in Aus\u00fcbung ihrer selbst\u00e4ndigen beruflichen oder gewerblichen T\u00e4tigkeit handelt.<\/p>\n<!-- \/wp:paragraph -->\n\n<!-- wp:paragraph -->\n<p>\u00a7 2 Zustandekommen des Vertrages<\/p>\n<!-- \/wp:paragraph -->\n\n<!-- wp:paragraph -->\n<p>(1) Gegenstand des Vertrages ist der Verkauf von Waren .<\/p>\n<!-- \/wp:paragraph -->\n\n<!-- wp:paragraph -->\n<p>Unsere Angebote im Internet sind unverbindlich und kein verbindliches Angebot zum Abschluss eines Vertrages.<\/p>\n<!-- \/wp:paragraph -->\n\n<!-- wp:paragraph -->\n<p>(2) Sie k\u00f6nnen ein verbindliches Kaufangebot (Bestellung) \u00fcber das Online-Warenkorbsystem abgeben.<br>Dabei werden die zum Kauf beabsichtigten Waren im \"Warenkorb\" abgelegt. \u00dcber die entsprechende Schaltfl\u00e4che in der Navigationsleiste k\u00f6nnen Sie den \"Warenkorb\" aufrufen und dort jederzeit \u00c4nderungen vornehmen. Nach Anklicken der Schaltfl\u00e4che \"Kasse\" oder \"Weiter zur Bestellung\" (oder \u00e4hnliche Bezeichnung) und der Eingabe der pers\u00f6nlichen Daten sowie der Zahlungs- und Versandbedingungen werden Ihnen abschlie\u00dfend die Bestelldaten als Bestell\u00fcbersicht angezeigt.<br>Vor Absenden der Bestellung haben Sie die M\u00f6glichkeit, die Angaben in der Bestell\u00fcbersicht nochmals zu \u00fcberpr\u00fcfen, zu \u00e4ndern (auch \u00fcber die Funktion \"zur\u00fcck\" des Internetbrowsers) bzw. die Bestellung abzubrechen.<br>Mit dem Absenden der Bestellung \u00fcber die entsprechende Schaltfl\u00e4che (\"zahlungspflichtig bestellen\", \"kaufen\" \/ \"jetzt kaufen\", \"kostenpflichtig bestellen\" oder \u00e4hnliche Bezeichnung) geben Sie ein verbindliches Angebot bei uns ab.<br>Sie erhalten zun\u00e4chst eine automatische E-Mail \u00fcber den Eingang Ihrer Bestellung, die noch nicht zum Vertragsschluss f\u00fchrt.<\/p>\n<!-- \/wp:paragraph -->\n\n<!-- wp:paragraph -->\n<p>(3) Die Annahme des Angebots (und damit der Vertragsabschluss) erfolgt innerhalb von 2 Tagen durch Best\u00e4tigung in Textform (z.B. E-Mail), in welcher Ihnen die Ausf\u00fchrung der Bestellung oder Auslieferung der Ware best\u00e4tigt wird (Auftragsbest\u00e4tigung).<br>Sollten Sie keine entsprechende Nachricht erhalten haben, sind Sie nicht mehr an Ihre Bestellung gebunden. Gegebenenfalls bereits erbrachte Leistungen werden in diesem Fall unverz\u00fcglich zur\u00fcckerstattet.<\/p>\n<!-- \/wp:paragraph -->\n\n<!-- wp:paragraph -->\n<p>(4) Die Abwicklung der Bestellung und \u00dcbermittlung aller im Zusammenhang mit dem Vertragsschluss erforderlichen Informationen erfolgt per E-Mail zum Teil automatisiert. Sie haben deshalb sicherzustellen, dass die von Ihnen bei uns hinterlegte E-Mail-Adresse zutreffend ist, der Empfang der E-Mails technisch sichergestellt und insbesondere nicht durch SPAM-Filter verhindert wird.<\/p>\n<!-- \/wp:paragraph -->\n\n<!-- wp:paragraph -->\n<p>\u00a7 3 Zur\u00fcckbehaltungsrecht, Eigentumsvorbehalt<\/p>\n<!-- \/wp:paragraph -->\n\n<!-- wp:paragraph -->\n<p>(1) Ein Zur\u00fcckbehaltungsrecht k\u00f6nnen Sie nur aus\u00fcben, soweit es sich um Forderungen aus demselben Vertragsverh\u00e4ltnis handelt.<\/p>\n<!-- \/wp:paragraph -->\n\n<!-- wp:paragraph -->\n<p>(2) Die Ware bleibt bis zur vollst\u00e4ndigen Zahlung des Kaufpreises unser Eigentum.<\/p>\n<!-- \/wp:paragraph -->\n\n<!-- wp:paragraph -->\n<p>\u00a7 4 Gew\u00e4hrleistung<\/p>\n<!-- \/wp:paragraph -->\n\n<!-- wp:paragraph -->\n<p>(1) Es bestehen die gesetzlichen M\u00e4ngelhaftungsrechte.<\/p>\n<!-- \/wp:paragraph -->\n\n<!-- wp:paragraph -->\n<p>(2) Als Verbraucher werden Sie gebeten, die Ware bei Lieferung umgehend auf Vollst\u00e4ndigkeit, offensichtliche M\u00e4ngel und Transportsch\u00e4den zu \u00fcberpr\u00fcfen und uns sowie dem Spediteur Beanstandungen schnellstm\u00f6glich mitzuteilen. Kommen Sie dem nicht nach, hat dies keine Auswirkung auf Ihre gesetzlichen Gew\u00e4hrleistungsanspr\u00fcche.<\/p>\n<!-- \/wp:paragraph -->\n\n<!-- wp:paragraph -->\n<p>(3) Soweit ein Merkmal der Ware von den objektiven Anforderungen abweicht, gilt die Abweichung nur dann als vereinbart, wenn Sie vor Abgabe der Vertragserkl\u00e4rung durch uns \u00fcber selbige in Kenntnis gesetzt wurden und die Abweichung ausdr\u00fccklich und gesondert zwischen den Vertragsparteien vereinbart wurde.<\/p>\n<!-- \/wp:paragraph -->\n\n<!-- wp:paragraph -->\n<p>\u00a7 5 Rechtswahl<\/p>\n<!-- \/wp:paragraph -->\n\n<!-- wp:paragraph -->\n<p>(1) Es gilt deutsches Recht. Bei Verbrauchern gilt diese Rechtswahl nur, soweit hierdurch der durch zwingende Bestimmungen des Rechts des Staates des gew\u00f6hnlichen Aufenthaltes des Verbrauchers gew\u00e4hrte Schutz nicht entzogen wird (G\u00fcnstigkeitsprinzip).<\/p>\n<!-- \/wp:paragraph -->\n\n<!-- wp:paragraph -->\n<p>(2) Die Bestimmungen des UN-Kaufrechts finden ausdr\u00fccklich keine Anwendung.<\/p>\n<!-- \/wp:paragraph -->\n\n<!-- wp:paragraph -->\n<p>II. Kundeninformationen<\/p>\n<!-- \/wp:paragraph -->\n\n<!-- wp:list {\"ordered\":true} -->\n<ol><!-- wp:list-item -->\n<li>Identit\u00e4t des Verk\u00e4ufers<\/li>\n<!-- \/wp:list-item --><\/ol>\n<!-- \/wp:list -->\n\n<!-- wp:paragraph -->\n<p>Rainer Goetzke<br>Einfeld 6<br>84434 Kirchberg<br>Deutschland<br>Telefon: +4987627298655<br>E-Mail: rainer-goetzke@t-online.de<\/p>\n<!-- \/wp:paragraph -->\n\n<!-- wp:paragraph -->\n<p>Alternative Streitbeilegung:<br>Die Europ\u00e4ische Kommission stellt eine Plattform f\u00fcr die au\u00dfergerichtliche Online-Streitbeilegung (OS-Plattform) bereit, aufrufbar unter https:\/\/ec.europa.eu\/odr (https:\/\/ec.europa.eu\/odr).<\/p>\n<!-- \/wp:paragraph -->\n\n<!-- wp:paragraph -->\n<p>Wir sind nicht bereit und nicht verpflichtet, an Streitbeilegungsverfahren vor Verbraucherschlichtungsstellen teilzunehmen.<\/p>\n<!-- \/wp:paragraph -->\n\n<!-- wp:list {\"ordered\":true,\"start\":2} -->\n<ol start=\"2\"><!-- wp:list-item -->\n<li>Informationen zum Zustandekommen des Vertrages<\/li>\n<!-- \/wp:list-item --><\/ol>\n<!-- \/wp:list -->\n\n<!-- wp:paragraph -->\n<p>Die technischen Schritte zum Vertragsschluss, der Vertragsschluss selbst und die Korrekturm\u00f6glichkeiten erfolgen nach Ma\u00dfgabe der Regelungen \"Zustandekommen des Vertrages\" unserer Allgemeinen Gesch\u00e4ftsbedingungen (Teil I.).<\/p>\n<!-- \/wp:paragraph -->\n\n<!-- wp:list {\"ordered\":true,\"start\":3} -->\n<ol start=\"3\"><!-- wp:list-item -->\n<li>Vertragssprache, Vertragstextspeicherung<\/li>\n<!-- \/wp:list-item --><\/ol>\n<!-- \/wp:list -->\n\n<!-- wp:paragraph -->\n<p>3.1. Vertragssprache ist deutsch .<\/p>\n<!-- \/wp:paragraph -->\n\n<!-- wp:paragraph -->\n<p>3.2. Der vollst\u00e4ndige Vertragstext wird von uns nicht gespeichert. Vor Absenden der Bestellung \u00fcber das Online - Warenkorbsystem k\u00f6nnen die Vertragsdaten \u00fcber die Druckfunktion des Browsers ausgedruckt oder elektronisch gesichert werden. Nach Zugang der Bestellung bei uns werden die Bestelldaten, die gesetzlich vorgeschriebenen Informationen bei Fernabsatzvertr\u00e4gen und die Allgemeinen Gesch\u00e4ftsbedingungen nochmals per E-Mail an Sie \u00fcbersandt.<\/p>\n<!-- \/wp:paragraph -->\n\n<!-- wp:list {\"ordered\":true,\"start\":4} -->\n<ol start=\"4\"><!-- wp:list-item -->\n<li>Wesentliche Merkmale der Ware oder Dienstleistung<\/li>\n<!-- \/wp:list-item --><\/ol>\n<!-- \/wp:list -->\n\n<!-- wp:paragraph -->\n<p>Die wesentlichen Merkmale der Ware und\/oder Dienstleistung finden sich im jeweiligen Angebot.<\/p>\n<!-- \/wp:paragraph -->\n\n<!-- wp:list {\"ordered\":true,\"start\":5} -->\n<ol start=\"5\"><!-- wp:list-item -->\n<li>Preise und Zahlungsmodalit\u00e4ten<\/li>\n<!-- \/wp:list-item --><\/ol>\n<!-- \/wp:list -->\n\n<!-- wp:paragraph -->\n<p>5.1. Die in den jeweiligen Angeboten angef\u00fchrten Preise sowie die Versandkosten stellen Gesamtpreise dar. Sie beinhalten alle Preisbestandteile einschlie\u00dflich aller anfallenden Steuern.<\/p>\n<!-- \/wp:paragraph -->\n\n<!-- wp:paragraph -->\n<p>5.2. Die anfallenden Versandkosten sind nicht im Kaufpreis enthalten. Sie sind \u00fcber eine entsprechend bezeichnete Schaltfl\u00e4che auf unserer Internetpr\u00e4senz oder im jeweiligen Angebot aufrufbar, werden im Laufe des Bestellvorganges gesondert ausgewiesen und sind von Ihnen zus\u00e4tzlich zu tragen, soweit nicht die versandkostenfreie Lieferung zugesagt ist.<\/p>\n<!-- \/wp:paragraph -->\n\n<!-- wp:paragraph -->\n<p>5.3. Erfolgt die Lieferung in L\u00e4nder au\u00dferhalb der Europ\u00e4ischen Union k\u00f6nnen von uns nicht zu vertretende weitere Kosten anfallen, wie z.B. Z\u00f6lle, Steuern oder Geld\u00fcbermittlungsgeb\u00fchren (\u00dcberweisungs- oder Wechselkursgeb\u00fchren der Kreditinstitute), die von Ihnen zu tragen sind.<\/p>\n<!-- \/wp:paragraph -->\n\n<!-- wp:paragraph -->\n<p>5.4. Entstandene Kosten der Geld\u00fcbermittlung (\u00dcberweisungs- oder Wechselkursgeb\u00fchren der Kreditinstitute) sind von Ihnen in den F\u00e4llen zu tragen, in denen die Lieferung in einen EU-Mitgliedsstaat erfolgt, die Zahlung aber au\u00dferhalb der Europ\u00e4ischen Union veranlasst wurde.<\/p>\n<!-- \/wp:paragraph -->\n\n<!-- wp:paragraph -->\n<p>5.5. Die Ihnen zur Verf\u00fcgung stehenden Zahlungsarten sind unter einer entsprechend bezeichneten Schaltfl\u00e4che auf unserer Internetpr\u00e4senz oder im jeweiligen Angebot ausgewiesen.<\/p>\n<!-- \/wp:paragraph -->\n\n<!-- wp:paragraph -->\n<p>5.6. Soweit bei den einzelnen Zahlungsarten nicht anders angegeben, sind die Zahlungsanspr\u00fcche aus dem geschlossenen Vertrag sofort zur Zahlung f\u00e4llig.<\/p>\n<!-- \/wp:paragraph -->\n\n<!-- wp:list {\"ordered\":true,\"start\":6} -->\n<ol start=\"6\"><!-- wp:list-item -->\n<li>Lieferbedingungen<\/li>\n<!-- \/wp:list-item --><\/ol>\n<!-- \/wp:list -->\n\n<!-- wp:paragraph -->\n<p>6.1. Die Lieferbedingungen, der Liefertermin sowie gegebenenfalls bestehende Lieferbeschr\u00e4nkungen finden sich unter einer entsprechend bezeichneten Schaltfl\u00e4che auf unserer Internetpr\u00e4senz oder im jeweiligen Angebot.<\/p>\n<!-- \/wp:paragraph -->\n\n<!-- wp:paragraph -->\n<p>6.2. Soweit Sie Verbraucher sind, ist gesetzlich geregelt, dass die Gefahr des zuf\u00e4lligen Untergangs und der zuf\u00e4lligen Verschlechterung der verkauften Sache w\u00e4hrend der Versendung erst mit der \u00dcbergabe der Ware an Sie \u00fcbergeht, unabh\u00e4ngig davon, ob die Versendung versichert oder unversichert erfolgt. Dies gilt nicht, wenn Sie eigenst\u00e4ndig ein nicht vom Unternehmer benanntes Transportunternehmen oder eine sonst zur Ausf\u00fchrung der Versendung bestimmte Person beauftragt haben.<\/p>\n<!-- \/wp:paragraph -->\n\n<!-- wp:list {\"ordered\":true,\"start\":7} -->\n<ol start=\"7\"><!-- wp:list-item -->\n<li>Gesetzliches M\u00e4ngelhaftungsrecht<\/li>\n<!-- \/wp:list-item --><\/ol>\n<!-- \/wp:list -->\n\n<!-- wp:paragraph -->\n<p>Die M\u00e4ngelhaftung richtet sich nach der Regelung \"Gew\u00e4hrleistung\" in unseren Allgemeinen Gesch\u00e4ftsbedingungen (Teil I).<\/p>\n<!-- \/wp:paragraph -->\n\n<!-- wp:paragraph -->\n<p>Diese AGB und Kundeninformationen wurden von den auf IT-Recht spezialisierten Juristen des H\u00e4ndlerbundes erstellt und werden permanent auf Rechtskonformit\u00e4t gepr\u00fcft. Die H\u00e4ndlerbund Management AG garantiert f\u00fcr die Rechtssicherheit der Texte und haftet im Falle von Abmahnungen. N\u00e4here Informationen dazu finden Sie unter: https:\/\/www.haendlerbund.de\/de\/leistungen\/rechtssicherheit\/agb-service (https:\/\/www.haendlerbund.de\/de\/leistungen\/rechtssicherheit\/agb-service).<\/p>\n<!-- \/wp:paragraph -->\n\n<!-- wp:paragraph -->\n<p>letzte Aktualisierung: 29.11.2022<\/p>\n<!-- \/wp:paragraph -->","_et_gb_content_width":"1080","footnotes":""},"class_list":["post-483","page","type-page","status-publish","hentry"],"aioseo_notices":[],"_links":{"self":[{"href":"https:\/\/rgm-design.com\/en\/wp-json\/wp\/v2\/pages\/483","targetHints":{"allow":["GET"]}}],"collection":[{"href":"https:\/\/rgm-design.com\/en\/wp-json\/wp\/v2\/pages"}],"about":[{"href":"https:\/\/rgm-design.com\/en\/wp-json\/wp\/v2\/types\/page"}],"author":[{"embeddable":true,"href":"https:\/\/rgm-design.com\/en\/wp-json\/wp\/v2\/users\/1"}],"replies":[{"embeddable":true,"href":"https:\/\/rgm-design.com\/en\/wp-json\/wp\/v2\/comments?post=483"}],"version-history":[{"count":4,"href":"https:\/\/rgm-design.com\/en\/wp-json\/wp\/v2\/pages\/483\/revisions"}],"predecessor-version":[{"id":496,"href":"https:\/\/rgm-design.com\/en\/wp-json\/wp\/v2\/pages\/483\/revisions\/496"}],"wp:attachment":[{"href":"https:\/\/rgm-design.com\/en\/wp-json\/wp\/v2\/media?parent=483"}],"curies":[{"name":"wp","href":"https:\/\/api.w.org\/{rel}","templated":true}]}}