{"id":495,"date":"2023-07-28T06:58:00","date_gmt":"2023-07-28T04:58:00","guid":{"rendered":"https:\/\/rgm-design.com\/impressum\/"},"modified":"2025-07-21T12:09:47","modified_gmt":"2025-07-21T10:09:47","slug":"impressum","status":"publish","type":"page","link":"https:\/\/rgm-design.com\/en\/impressum\/","title":{"rendered":"Impressum"},"content":{"rendered":"<p>[et_pb_section fb_built=&#8221;1&#8243; admin_label=&#8221;section&#8221; _builder_version=&#8221;4.16&#8243; global_colors_info=&#8221;{}&#8221;][et_pb_row admin_label=&#8221;row&#8221; _builder_version=&#8221;4.23&#8243; background_size=&#8221;initial&#8221; background_position=&#8221;top_left&#8221; background_repeat=&#8221;repeat&#8221; global_colors_info=&#8221;{}&#8221;][et_pb_column type=&#8221;4_4&#8243; _builder_version=&#8221;4.23&#8243; custom_padding=&#8221;|||&#8221; global_colors_info=&#8221;{}&#8221; custom_padding__hover=&#8221;|||&#8221;][et_pb_text admin_label=&#8221;Text&#8221; _builder_version=&#8221;4.27.4&#8243; background_size=&#8221;initial&#8221; background_position=&#8221;top_left&#8221; background_repeat=&#8221;repeat&#8221; global_colors_info=&#8221;{}&#8221;]<\/p>\n<h2>Impressum<\/h2>\n<p>Gesetzliche Anbieterkennung:<\/p>\n<p>Rainer Goetzke<br \/>www.rgm-design.com<br \/>Einfeld 6<br \/>84434 Kirchberg<br \/>Deutschland<br \/>Telefon: +4987627298655<br \/>E-Mail: rainer-goetzke@t-online.de<\/p>\n<p>USt-IdNr.: DE 130342122<\/p>\n<p>Wir sind nicht bereit und nicht verpflichtet, an Streitbeilegungsverfahren vor Verbraucherschlichtungsstellen teilzunehmen.<\/p>\n<p>[\/et_pb_text][\/et_pb_column][\/et_pb_row][\/et_pb_section]<\/p>\n","protected":false},"excerpt":{"rendered":"<p>Impressum Gesetzliche Anbieterkennung: Rainer Goetzkewww.rgm-design.comEinfeld 684434 KirchbergDeutschlandTelefon: +4987627298655E-Mail: rainer-goetzke@t-online.de USt-IdNr.: DE 130342122 Wir sind nicht bereit und nicht verpflichtet, an Streitbeilegungsverfahren vor Verbraucherschlichtungsstellen teilzunehmen.<\/p>\n","protected":false},"author":1,"featured_media":0,"parent":0,"menu_order":0,"comment_status":"closed","ping_status":"closed","template":"","meta":{"_et_pb_use_builder":"on","_et_pb_old_content":"Gesetzliche Anbieterkennung:\n\nRainer Goetzke\nwww.rgm-modelcars.de\nEinfeld 6\n84434 Kirchberg\nDeutschland\nTelefon: +4987627298655\nE-Mail: rainer-goetzke@t-online.de\n\nUSt-IdNr.: DE 130342122\n\nAlternative Streitbeilegung:\nDie Europ\u00e4ische Kommission stellt eine Plattform f\u00fcr die au\u00dfergerichtliche Online-Streitbeilegung (OS-Plattform) bereit, aufrufbar unter https:\/\/ec.europa.eu\/odr (https:\/\/ec.europa.eu\/consumers\/odr).\n\nWir sind nicht bereit und nicht verpflichtet, an Streitbeilegungsverfahren vor Verbraucherschlichtungsstellen teilzunehmen.","_et_gb_content_width":"","footnotes":""},"class_list":["post-495","page","type-page","status-publish","hentry"],"aioseo_notices":[],"_links":{"self":[{"href":"https:\/\/rgm-design.com\/en\/wp-json\/wp\/v2\/pages\/495","targetHints":{"allow":["GET"]}}],"collection":[{"href":"https:\/\/rgm-design.com\/en\/wp-json\/wp\/v2\/pages"}],"about":[{"href":"https:\/\/rgm-design.com\/en\/wp-json\/wp\/v2\/types\/page"}],"author":[{"embeddable":true,"href":"https:\/\/rgm-design.com\/en\/wp-json\/wp\/v2\/users\/1"}],"replies":[{"embeddable":true,"href":"https:\/\/rgm-design.com\/en\/wp-json\/wp\/v2\/comments?post=495"}],"version-history":[{"count":9,"href":"https:\/\/rgm-design.com\/en\/wp-json\/wp\/v2\/pages\/495\/revisions"}],"predecessor-version":[{"id":6050,"href":"https:\/\/rgm-design.com\/en\/wp-json\/wp\/v2\/pages\/495\/revisions\/6050"}],"wp:attachment":[{"href":"https:\/\/rgm-design.com\/en\/wp-json\/wp\/v2\/media?parent=495"}],"curies":[{"name":"wp","href":"https:\/\/api.w.org\/{rel}","templated":true}]}}